{"id":10,"date":"2026-01-29T19:00:20","date_gmt":"2026-01-29T19:00:20","guid":{"rendered":"https:\/\/lightgreen-lapwing-778552.hostingersite.com\/?page_id=10"},"modified":"2026-02-24T13:25:05","modified_gmt":"2026-02-24T13:25:05","slug":"home","status":"publish","type":"page","link":"https:\/\/rhaid.org\/","title":{"rendered":"Accueil"},"content":{"rendered":"\n<p>&nbsp;&nbsp;&nbsp; Rel\u00e8ve Ha\u00eftienne pour le D\u00e9veloppement Durable (RHAID), constitue une association &nbsp;consacr\u00e9e \u00e0 l\u2019\u00e9panouissement de la jeunesse sur tout le territoire national. Elle travaille avec toutes les institutions transversales qui \u0153uvrent dans l\u2019esprit de ses objectifs d\u2019orienter et d\u2019encadrer les jeunes pour une meilleure alternative dans le futur imm\u00e9diat.<\/p>\n\n\n\n<p>Fond\u00e9e en f\u00e9vrier 2018, elle compte \u00e0 son actif de nombreuses activit\u00e9s en plusieurs d\u00e9partements du pays. Toutefois, son caract\u00e8re philanthropique&nbsp; ne permet aucune initiative \u00e0 but lucratif. L\u2019association en appelle \u00e0 la collaboration de tous et de chacun pour venir en aide aux d\u00e9sh\u00e9rit\u00e9s rong\u00e9s par la situation pr\u00e9caire qui pr\u00e9vale dans le pays.<\/p>\n\n\n\n<figure class=\"wp-block-image size-full is-resized is-style-rounded is-style-rounded--1\"><img loading=\"lazy\" decoding=\"async\" width=\"426\" height=\"330\" src=\"https:\/\/lightgreen-lapwing-778552.hostingersite.com\/wp-content\/uploads\/2022\/09\/logo-rhad-111111-copy.png\" alt=\"\" class=\"wp-image-140\" style=\"width:649px;height:503px\" srcset=\"https:\/\/rhaid.org\/wp-content\/uploads\/2022\/09\/logo-rhad-111111-copy.png 426w, https:\/\/rhaid.org\/wp-content\/uploads\/2022\/09\/logo-rhad-111111-copy-300x232.png 300w\" sizes=\"auto, (max-width: 426px) 100vw, 426px\" \/><\/figure>\n\n\n\n<h2 class=\"wp-block-heading\"><\/h2>\n\n\n\n<figure class=\"wp-block-embed is-type-video is-provider-youtube wp-block-embed-youtube wp-embed-aspect-4-3 wp-has-aspect-ratio\"><div class=\"wp-block-embed__wrapper\">\nhttps:\/\/www.youtube.com\/watch?v=6rYWeyTb0xU&#038;ab_channel=LucidDream\n<\/div><\/figure>\n","protected":false},"excerpt":{"rendered":"<p>&nbsp;&nbsp;&nbsp; Rel\u00e8ve Ha\u00eftienne pour le D\u00e9veloppement Durable (RHAID), constitue une association &nbsp;consacr\u00e9e \u00e0 l\u2019\u00e9panouissement de la jeunesse sur tout le territoire national. Elle travaille avec toutes les institutions transversales qui \u0153uvrent dans l\u2019esprit de ses objectifs d\u2019orienter et d\u2019encadrer les jeunes pour une meilleure alternative dans le futur imm\u00e9diat. Fond\u00e9e en f\u00e9vrier 2018, elle compte [&hellip;]<\/p>\n","protected":false},"author":1,"featured_media":22,"parent":0,"menu_order":0,"comment_status":"closed","ping_status":"closed","template":"","meta":{"om_disable_all_campaigns":false,"_monsterinsights_skip_tracking":false,"_monsterinsights_sitenote_active":false,"_monsterinsights_sitenote_note":"","_monsterinsights_sitenote_category":0,"_uf_show_specific_survey":0,"_uf_disable_surveys":false,"footnotes":""},"class_list":["post-10","page","type-page","status-publish","has-post-thumbnail","hentry"],"aioseo_notices":[],"_links":{"self":[{"href":"https:\/\/rhaid.org\/index.php\/wp-json\/wp\/v2\/pages\/10","targetHints":{"allow":["GET"]}}],"collection":[{"href":"https:\/\/rhaid.org\/index.php\/wp-json\/wp\/v2\/pages"}],"about":[{"href":"https:\/\/rhaid.org\/index.php\/wp-json\/wp\/v2\/types\/page"}],"author":[{"embeddable":true,"href":"https:\/\/rhaid.org\/index.php\/wp-json\/wp\/v2\/users\/1"}],"replies":[{"embeddable":true,"href":"https:\/\/rhaid.org\/index.php\/wp-json\/wp\/v2\/comments?post=10"}],"version-history":[{"count":9,"href":"https:\/\/rhaid.org\/index.php\/wp-json\/wp\/v2\/pages\/10\/revisions"}],"predecessor-version":[{"id":165,"href":"https:\/\/rhaid.org\/index.php\/wp-json\/wp\/v2\/pages\/10\/revisions\/165"}],"wp:featuredmedia":[{"embeddable":true,"href":"https:\/\/rhaid.org\/index.php\/wp-json\/wp\/v2\/media\/22"}],"wp:attachment":[{"href":"https:\/\/rhaid.org\/index.php\/wp-json\/wp\/v2\/media?parent=10"}],"curies":[{"name":"wp","href":"https:\/\/api.w.org\/{rel}","templated":true}]}}