{"id":16,"date":"2022-07-23T19:02:51","date_gmt":"2022-07-23T19:02:51","guid":{"rendered":"https:\/\/lightgreen-lapwing-778552.hostingersite.com\/?page_id=16"},"modified":"2022-08-06T21:15:07","modified_gmt":"2022-08-06T21:15:07","slug":"project","status":"publish","type":"page","link":"https:\/\/rhaid.org\/index.php\/project\/","title":{"rendered":"Objectifs."},"content":{"rendered":"\n<figure class=\"wp-block-image aligncenter size-full\"><img loading=\"lazy\" decoding=\"async\" width=\"426\" height=\"330\" src=\"https:\/\/lightgreen-lapwing-778552.hostingersite.com\/wp-content\/uploads\/2022\/07\/cropped-logo2.jpg\" alt=\"logo\" class=\"wp-image-36\" srcset=\"https:\/\/rhaid.org\/wp-content\/uploads\/2022\/07\/cropped-logo2.jpg 426w, https:\/\/rhaid.org\/wp-content\/uploads\/2022\/07\/cropped-logo2-300x232.jpg 300w\" sizes=\"auto, (max-width: 426px) 100vw, 426px\" \/><\/figure>\n\n\n\n<h4 class=\"wp-block-heading\"><strong>RHAID<\/strong> <\/h4>\n\n\n\n<p>Rel\u00e8ve Ha\u00eftienne pour le D\u00e9veloppement Durable (RHAID), constitue une association consacr\u00e9e \u00e0 l\u2019\u00e9panouissement de la jeunesse sur tout le territoire national. Elle travaille avec toutes les institutions transversales qui \u0153uvrent dans l\u2019esprit de ses objectifs d\u2019orienter et d\u2019encadrer les jeunes pour une meilleure alternative dans le futur imm\u00e9diat.<\/p>\n\n\n\n<p>Fond\u00e9e en f\u00e9vrier 2018, elle compte \u00e0 son actif de nombreuses activit\u00e9s en plusieurs d\u00e9partements du pays. Toutefois, son caract\u00e8re philanthropique ne permet aucune initiative \u00e0 but lucratif. L\u2019association en appelle \u00e0 la collaboration de tous et de chacun pour venir en aide aux d\u00e9sh\u00e9rit\u00e9s rong\u00e9s par la situation pr\u00e9caire qui pr\u00e9vale dans le pays.<\/p>\n\n\n\n<p>Nombre de projets sont envisag\u00e9s pour ce faire, l\u2019ex\u00e9cution de ce parrainage d\u2019\u00e9coliers entre dans le cadre des accomplissements attendus.<\/p>\n\n\n\n<p><strong>RHAID<\/strong> a pour Objectifs de&nbsp;:<\/p>\n\n\n\n<ol class=\"wp-block-list\" type=\"1\"><li>Promouvoir &nbsp;le respect des Droits des jeunes.<\/li><li>Encourager une politique de formation professionnelle inclusive pour l\u2019acquisition des comp\u00e9tences et aptitudes exig\u00e9es sur le march\u00e9 de l\u2019emploi et indispensables pour se mettre au service de l\u2019int\u00e9r\u00eat collectif.<\/li><li>Initier les diff\u00e9rents segments de la jeunesse ha\u00eftienne \u00e0 l\u2019int\u00e9gration de tout processus engag\u00e9 pour construire un meilleur futur dans le pays.<\/li><li>Orienter la jeunesse Ha\u00eftienne vers une culture de solidarit\u00e9, de participation citoyenne &nbsp;pour le d\u00e9veloppement durable du pays.<\/li><li>D\u2019entreprendre toutes initiatives qui visent \u00e0 d\u00e9velopper chez les jeunes le civisme, le volontariat, le dialogue, pour mieux contribuer \u00e0 l\u2019exercice d\u00e9mocratique tant souhait\u00e9 dans le pays.<\/li><li>Renforcer le sentiment de citoyennet\u00e9 en favorisant la mobilit\u00e9 internationale \u00e0 travers des \u00e9changes avec les associations du monde entier.<\/li><\/ol>\n","protected":false},"excerpt":{"rendered":"<p>RHAID Rel\u00e8ve Ha\u00eftienne pour le D\u00e9veloppement Durable (RHAID), constitue une association consacr\u00e9e \u00e0 l\u2019\u00e9panouissement de la jeunesse sur tout le territoire national. Elle travaille avec toutes les institutions transversales qui \u0153uvrent dans l\u2019esprit de ses objectifs d\u2019orienter et d\u2019encadrer les jeunes pour une meilleure alternative dans le futur imm\u00e9diat. Fond\u00e9e en f\u00e9vrier 2018, elle compte [&hellip;]<\/p>\n","protected":false},"author":1,"featured_media":0,"parent":0,"menu_order":0,"comment_status":"closed","ping_status":"closed","template":"","meta":{"om_disable_all_campaigns":false,"_monsterinsights_skip_tracking":false,"_monsterinsights_sitenote_active":false,"_monsterinsights_sitenote_note":"","_monsterinsights_sitenote_category":0,"_uf_show_specific_survey":0,"_uf_disable_surveys":false,"footnotes":""},"class_list":["post-16","page","type-page","status-publish","hentry"],"aioseo_notices":[],"_links":{"self":[{"href":"https:\/\/rhaid.org\/index.php\/wp-json\/wp\/v2\/pages\/16","targetHints":{"allow":["GET"]}}],"collection":[{"href":"https:\/\/rhaid.org\/index.php\/wp-json\/wp\/v2\/pages"}],"about":[{"href":"https:\/\/rhaid.org\/index.php\/wp-json\/wp\/v2\/types\/page"}],"author":[{"embeddable":true,"href":"https:\/\/rhaid.org\/index.php\/wp-json\/wp\/v2\/users\/1"}],"replies":[{"embeddable":true,"href":"https:\/\/rhaid.org\/index.php\/wp-json\/wp\/v2\/comments?post=16"}],"version-history":[{"count":5,"href":"https:\/\/rhaid.org\/index.php\/wp-json\/wp\/v2\/pages\/16\/revisions"}],"predecessor-version":[{"id":106,"href":"https:\/\/rhaid.org\/index.php\/wp-json\/wp\/v2\/pages\/16\/revisions\/106"}],"wp:attachment":[{"href":"https:\/\/rhaid.org\/index.php\/wp-json\/wp\/v2\/media?parent=16"}],"curies":[{"name":"wp","href":"https:\/\/api.w.org\/{rel}","templated":true}]}}